{"id":114,"date":"2022-10-26T14:31:54","date_gmt":"2022-10-26T12:31:54","guid":{"rendered":"https:\/\/www.5rxt.fr\/?page_id=114"},"modified":"2023-04-23T11:25:37","modified_gmt":"2023-04-23T09:25:37","slug":"notre-offre","status":"publish","type":"page","link":"https:\/\/www.5rxt.fr\/it\/notre-offre\/","title":{"rendered":"Notre offre"},"content":{"rendered":"<p>Conseil en ing\u00e9nierie<\/p>\n\n\n\n<p>Montage de projets, partenariats<\/p>\n\n\n\n<p>Business developement<\/p>\n\n\n\n<p>Conseil en solutions techniques, assistance technique<\/p>\n\n\n\n<p>Accompagnement transition \u00e9nerg\u00e9tique<\/p>\n\n\n\n<p>Mise en relation et financements (fonds priv\u00e9s, publics, aides europ\u00e9ens)<\/p>\n\n\n\n<p>Accompagnement d\u00e9veloppement technologique et financier pour diff\u00e9rents type de TRL* (Poc, Proto, Indus)<\/p>\n\n\n\n<p>*Technological Readiness Level<\/p>","protected":false},"excerpt":{"rendered":"<p>Conseil en ing\u00e9nierie Montage de projets, partenariats Business developement Conseil en solutions techniques, assistance technique Accompagnement transition \u00e9nerg\u00e9tique Mise en relation et financements (fonds priv\u00e9s, publics, aides europ\u00e9ens) Accompagnement d\u00e9veloppement technologique et financier pour diff\u00e9rents type de TRL* (Poc, Proto, Indus) *Technological Readiness Level<\/p>","protected":false},"author":1,"featured_media":0,"parent":0,"menu_order":0,"comment_status":"closed","ping_status":"closed","template":"","meta":{"footnotes":""},"class_list":["post-114","page","type-page","status-publish","hentry"],"_links":{"self":[{"href":"https:\/\/www.5rxt.fr\/it\/wp-json\/wp\/v2\/pages\/114","targetHints":{"allow":["GET"]}}],"collection":[{"href":"https:\/\/www.5rxt.fr\/it\/wp-json\/wp\/v2\/pages"}],"about":[{"href":"https:\/\/www.5rxt.fr\/it\/wp-json\/wp\/v2\/types\/page"}],"author":[{"embeddable":true,"href":"https:\/\/www.5rxt.fr\/it\/wp-json\/wp\/v2\/users\/1"}],"replies":[{"embeddable":true,"href":"https:\/\/www.5rxt.fr\/it\/wp-json\/wp\/v2\/comments?post=114"}],"version-history":[{"count":3,"href":"https:\/\/www.5rxt.fr\/it\/wp-json\/wp\/v2\/pages\/114\/revisions"}],"predecessor-version":[{"id":347,"href":"https:\/\/www.5rxt.fr\/it\/wp-json\/wp\/v2\/pages\/114\/revisions\/347"}],"wp:attachment":[{"href":"https:\/\/www.5rxt.fr\/it\/wp-json\/wp\/v2\/media?parent=114"}],"curies":[{"name":"wp","href":"https:\/\/api.w.org\/{rel}","templated":true}]}}