{"id":153,"date":"2022-11-07T17:49:10","date_gmt":"2022-11-07T16:49:10","guid":{"rendered":"https:\/\/www.5rxt.fr\/?page_id=153"},"modified":"2023-10-12T18:57:47","modified_gmt":"2023-10-12T16:57:47","slug":"nos-projets","status":"publish","type":"page","link":"https:\/\/www.5rxt.fr\/it\/nos-projets\/","title":{"rendered":"Nos projets"},"content":{"rendered":"<figure class=\"wp-block-image alignwide size-full\"><img loading=\"lazy\" decoding=\"async\" width=\"514\" height=\"351\" src=\"https:\/\/www.5rxt.fr\/wp-content\/uploads\/2023\/04\/Image1.png\" alt=\"\" class=\"wp-image-348\" srcset=\"https:\/\/www.5rxt.fr\/wp-content\/uploads\/2023\/04\/Image1.png 514w, https:\/\/www.5rxt.fr\/wp-content\/uploads\/2023\/04\/Image1-300x205.png 300w, https:\/\/www.5rxt.fr\/wp-content\/uploads\/2023\/04\/Image1-18x12.png 18w\" sizes=\"auto, (max-width: 514px) 100vw, 514px\" \/><\/figure>\n\n\n\n<div style=\"height:8px\" aria-hidden=\"true\" class=\"wp-block-spacer\"><\/div>\n\n\n\n<h2 class=\"wp-block-heading\">PROJET N.1<\/h2>\n\n\n\n<h2 class=\"wp-block-heading\">VALORISATION DES D\u00c9CHETS<\/h2>\n\n\n\n<h3 class=\"wp-block-heading\">Pour la Terre<\/h3>\n\n\n\n<p>Installation customis\u00e9e aux besoins client, en container (transportable facilement) qui transforme plastiques et pneumatiques en:    <\/p>\n\n\n\n<ul class=\"wp-block-list\">\n<li><strong>\u00e9nergie \u00e9lectrique<\/strong> de basse et moyenne tension, pour autoconsommation et aussi pour la revente &#8211; Waste to Energy<\/li>\n\n\n\n<li><strong>carburants <\/strong>: huile combustible <em>via<\/em> diff\u00e9rents niveaux de distillation et de proc\u00e9d\u00e9s jusqu\u2019aux SAFs (nouveaux carburants pour l\u2019aviation)<\/li>\n\n\n\n<li><strong>produits d\u00e9riv\u00e9s<\/strong> des plastiques et pneus trait\u00e9s : recyclage, nouveaux mat\u00e9riaux<br>&nbsp;(ex. ignifug\u00e9s pour aviation et le transport en g\u00e9n\u00e9ral)<\/li>\n\n\n\n<li><strong>hydrog\u00e8ne <\/strong>(par ex. pour fuel cells ) et <strong>oxyg\u00e8ne <\/strong>(via \u00e9lectrolyseur)<\/li>\n<\/ul>\n\n\n\n<p>Ces containers permettent \u00e9galement d\u2019obtenir de la chaleur (co-g\u00e9n\u00e9ration) et de l\u2019eau chaude.<\/p>\n\n\n\n<p>Les + :<\/p>\n\n\n\n<ul class=\"wp-block-list\">\n<li>\u00c9missions CO2 niveau EURO7 r\u00e9duit \u00e0 ZERO avec installation d\u2019une serre de plantes et de fleurs p\u00e9dagogiques<\/li>\n\n\n\n<li>Installation cl\u00e9s en main<\/li>\n\n\n\n<li>Possibilit\u00e9 de circuits citoyens vertueux d\u2019\u00e9conomie circulaire <em>via<\/em> outils digitaux blockchain pour des services sur le territoire, points de recharge pour voitures, v\u00e9los et trottinettes \u00e9lectriques ou \u00e0 hydrog\u00e8ne.<\/li>\n\n\n\n<li>Prestation des services<\/li>\n<\/ul>\n\n\n\n<p>Projet en collaboration avec REP Italia:&nbsp;<a href=\"https:\/\/fra.repitaliasrl.com\/home\">https:\/\/fra.repitaliasrl.com\/home<\/a><\/p>\n\n\n\n<ul class=\"wp-block-list\">\n<li><\/li>\n<\/ul>\n\n\n\n<div style=\"height:0px\" aria-hidden=\"true\" class=\"wp-block-spacer\"><\/div>\n\n\n\n<h3 class=\"wp-block-heading\"><strong>Pour l\u2019eau<\/strong><\/h3>\n\n\n\n<p>Installation sur plateforme ou sur navire d\u2019un syst\u00e8me de filtrage pour nettoyer les plastiques ramass\u00e9s en mer, dans les fleuves, lacs ou \u00e9tangs ainsi qu\u2019aux abords des \u00eeles (en fonction des courants maritimes)<\/p>\n\n\n\n<p><strong>Syst\u00e8me anti-pollution. Bateau \u00e0 ordures<\/strong><\/p>\n\n\n\n<p>Ce syst\u00e8me fonctionne en autonomie avec des panneaux solaires, dot\u00e9 de communications satellitaires, de drones et d\u2019un laboratoire d\u2019analyse des eaux, qui permettent :<\/p>\n\n\n\n<ul class=\"wp-block-list\">\n<li><strong>traitement des d\u00e9chets <\/strong>sur la plateforme ou au retour au port<\/li>\n<\/ul>\n\n\n\n<ul class=\"wp-block-list\">\n<li><strong>valorisation des d\u00e9chets <\/strong>gr\u00e2ce aux produits d\u00e9riv\u00e9s (comme pour la version Terre: carburants et Waste To Energy). <\/li>\n<\/ul>\n\n\n\n<ul class=\"wp-block-list\">\n<li><strong>services aux entreprises <\/strong>en termes d\u2019\u00e9cologie et de d\u00e9veloppement \u00e9conomique<\/li>\n<\/ul>\n\n\n\n<p>Possibilit\u00e9 de distribution des produits d\u00e9riv\u00e9s et de l\u2019\u00e9nergie amass\u00e9e sur diff\u00e9rents points du territoire joignables par l\u2019eau, par ex. dans des pays en d\u00e9veloppement.<\/p>\n\n\n\n<p>Syst\u00e8me HUB de gestion des d\u00e9chets.<\/p>\n\n\n\n<p>Syst\u00e8me certifi\u00e9 (RINA, NGV, \u2026)<\/p>\n\n\n\n<p>Les + :<\/p>\n\n\n\n<ul class=\"wp-block-list\">\n<li>Installation cl\u00e9s en main, customis\u00e9e<\/li>\n<\/ul>\n\n\n\n<ul class=\"wp-block-list\">\n<li>Prestations de services<\/li>\n<\/ul>\n\n\n\n<hr class=\"wp-block-separator has-alpha-channel-opacity\"\/>\n\n\n\n<h2 class=\"wp-block-heading\">PROJET N.2<\/h2>\n\n\n\n<h2 class=\"wp-block-heading\">PERM\u2019HUB CIT\u00c9&nbsp;&amp;&nbsp;SPACE HUB<\/h2>\n\n\n\n<p>Inspir\u00e9s par les paradigmes bien trac\u00e9s dans la BD Permacit\u00e9 (https:\/\/editions-sarbacane.com\/albums\/permacite) nous proposons un pole d\u2019excellence technologique, environnementale et soci\u00e9tale, pour les a\u00e9roports et a\u00e9rodromes territoriaux afin qu&rsquo;il puisse transitionner vers le monde de demain, devenant un point de r\u00e9f\u00e9rence pour le territoire.<\/p>\n\n\n\n<p><strong>Village incubateur<\/strong> des projets innovants \u00e0 caract\u00e8re industriel a\u00e9roportuaire, a\u00e9ronautique, a\u00e9rospatiale et industries connexes (pour une mobilit\u00e9 soutenable), ainsi qu\u2019agroalimentaire (de pr\u00e9cision), de sant\u00e9 et bien-\u00eatre, avec construction d\u2019infrastructures durables, qui contribue \u00e0 l\u2019\u00e9conomie locale et aussi \u00e0 d\u00e9velopper le tourisme territorial et spatiale.<\/p>\n\n\n\n<ul class=\"wp-block-list\">\n<li>Avec la<strong> valorisation d\u00e9chets WasteToEnergie Machine<\/strong>, ce pole peut devenir un centre de r\u00e9colte et traitement de d\u00e9chets pour le territoire alentours afin de produire des SAFs (Sustainable Aviation Fuels), de devenir autonome en \u00e9nergie en produisant de l\u2019\u00e9lectricit\u00e9 locale, et enfin permettant de recharger les batteries et\/ou  fuel cells pour une flotte de v\u00e9hicules de transport (personnes, marchandises, d\u00e9chets).<\/li>\n\n\n\n<li>Dans l&rsquo;esprit d\u2019\u00e9conomie circulaire un espace de recyclage d&rsquo;avion est pr\u00e9vu, pour recycler presque \u00e0 100% la totalit\u00e9 des pi\u00e8ces et mat\u00e9riaux (notamment on peut obtenir aussi de l&rsquo;or et d&rsquo;autres m\u00e9taux pr\u00e9cieux, strat\u00e9giques en ce temps post crise covid) dans d&rsquo;autres domaine comme : nautique, b\u00e2timent, \u00e9nergie (apr\u00e8s une pr\u00e9alable s\u00e9lection pour ce qui peut \u00eatre encore de valeur dans l\u2019a\u00e9ronautique).<\/li>\n\n\n\n<li> Il peut aussi \u00eatre connect\u00e9 avec un ou plusieurs ports pour l&rsquo;\u00e9change et la r\u00e9colte de plastiques et pneus, \u00e0 r\u00e9utiliser aussi dans les ports (via notre Projet N. 1 pour ce type d&rsquo;endroit) comme \u00e9nergie et carburant pour les ports m\u00eames ainsi que pour les bateaux.<\/li>\n<\/ul>\n\n\n\n<hr class=\"wp-block-separator has-alpha-channel-opacity\"\/>\n\n\n\n<h2 class=\"wp-block-heading\">PROJET N. 3<\/h2>\n\n\n\n<h2 class=\"wp-block-heading\"><strong>Euro temporis\u00e9 &#8211; circuit mon\u00e9taire territoriale<\/strong><\/h2>\n\n\n\n<p>Circuit mon\u00e9taire territoriale, instrument de paiement pour la commande publique et les entreprises, dans une \u00e9conomie circulaire, avec block chain (s\u00e9curit\u00e9, tra\u00e7abilit\u00e9, transparence fiscale), pour rendre vertueux et r\u00e9siliente le territoire. <\/p>\n\n\n\n<p>Possible utilisation avec exploitation de flottes de v\u00e9hicules de transport (personnes et marchandises) locaux, avec circuits \u00e9nerg\u00e9tiques et de traitement de d\u00e9chets.<\/p>\n\n\n\n<p>En collaboration avec Massimo Amato (directeur de l&rsquo;Unit\u00e9 : MINTS &#8211; Monetary Innovation, New Technologies and Society, universit\u00e9 Bocconi Milan ( <a rel=\"noreferrer noopener\" href=\"https:\/\/bafficarefin.unibocconi.eu\/research-units\/mints\" target=\"_blank\">https:\/\/bafficarefin.unibocconi.eu\/research-units\/mints<\/a>, <a href=\"https:\/\/www.unibocconi.it\" target=\"_blank\" rel=\"noreferrer noopener\">https:\/\/www.unibocconi.it <\/a>)<\/p>\n\n\n\n<hr class=\"wp-block-separator has-alpha-channel-opacity\"\/>\n\n\n\n<h2 class=\"wp-block-heading\">PROJET N. 4<\/h2>\n\n\n\n<p><strong>MEDIS<\/strong> (<strong>Maxiemergencies and<\/strong> <strong>Disasters\u2019 International School<\/strong>)\n\n\n\n\n\n\n\n\n\n\n\n<\/p>\n\n\n\n<p>L&rsquo;\u00c9cole Internationale de Maxi \u00c9mergences et Catastrophes d\u00e9veloppe et mette en \u0153uvre des initiatives d\u2019enseignement, de recherche et de coop\u00e9ration entre les pays europ\u00e9ens et extra-europ\u00e9ens, le Conseil de l\u2019Europe, l\u2019Union europ\u00e9enne, l\u2019Organisation mondiale de la sant\u00e9, les organisations internationales gouvernementales et non gouvernementales dans les domaines de la pr\u00e9vention et de la protection contre les risques naturels et technologiques.<\/p>\n\n\n\n<p>En s\u2019appuyant sur des supports scientifiques adapt\u00e9s et en collaboration avec des instituts universitaires, des centres de recherche, des structures sanitaires, des organisations de protection civile, des organismes institutionnels publics ou priv\u00e9s, promeut et organise des activit\u00e9s d\u2019enseignement et de formation du simple citoyen aux d\u00e9cideurs (en passant par les travailleurs, les acteurs du territoire, les \u00e9tudiants jusqu&rsquo;au master) ainsi que le personnel participant \u00e0 des activit\u00e9s de pr\u00e9vention et de secours en cas d\u2019urgence majeure ou de catastrophe. <\/p>\n\n\n\n<p>MEDIS a vocation \u00e0 devenir aussi une aide strat\u00e9gique \u00e0 la d\u00e9cision pour tous les acteurs et les d\u00e9cideurs sur les territoires \u00e0 plusieurs niveaux de responsabilit\u00e9s pour :<\/p>\n\n\n\n<ul class=\"wp-block-list\">\n<li>Cr\u00e9er une culture r\u00e9siliente dans les populations expos\u00e9s \u00e0 des risques<\/li>\n\n\n\n<li>Assurer un relais de communication entre population et d\u00e9cideurs<\/li>\n\n\n\n<li>F\u00e9d\u00e9rer les savoirs et les structurer pour les rendre accessibles aux d\u00e9cideurs et aux populations<\/li>\n\n\n\n<li>\u00c9clairer &amp; soutenir l\u2019activit\u00e9 des pouvoirs publics &amp; organisations nationales ou internationales<\/li>\n\n\n\n<li> 21 domaines de savoirs\/comp\u00e9tences<\/li>\n\n\n\n<li>Production des rapports et des analyses de contexte<\/li>\n\n\n\n<li>\u00c9laboration des proposition, de documents techniques et programmes sp\u00e9cifiques nationaux ou sp\u00e9cifiques aux diff\u00e9rentes r\u00e9gions\/zone<\/li>\n\n\n\n<li>\u00c9laboration d\u2019\u00e9tudes et de recherches (constitution d\u2019un Centre Recherches et \u00c9tudes)<\/li>\n\n\n\n<li>Cours de formation \u00e0 plusieurs niveaux: (de base-citoyen jusqu&rsquo;aux masters universitaires)<\/li>\n<\/ul>\n\n\n\n<p>Pour en savoir plus: <\/p>\n\n\n\n<p><a href=\"https:\/\/medisacademy.eu\/\">https:\/\/medisacademy.eu\/<\/a><\/p>\n\n\n\n<div style=\"height:8px\" aria-hidden=\"true\" class=\"wp-block-spacer\"><\/div>\n\n\n\n<h2 class=\"wp-block-heading\"> <\/h2>\n\n\n\n<div style=\"height:100px\" aria-hidden=\"true\" class=\"wp-block-spacer\"><\/div>\n\n\n\n<div style=\"height:100px\" aria-hidden=\"true\" class=\"wp-block-spacer\"><\/div>\n\n\n\n<div style=\"height:100px\" aria-hidden=\"true\" class=\"wp-block-spacer\"><\/div>","protected":false},"excerpt":{"rendered":"<p>PROJET N.1 VALORISATION DES D\u00c9CHETS Pour la Terre Installation customis\u00e9e aux besoins client, en container (transportable facilement) qui transforme plastiques et pneumatiques en: Ces containers permettent \u00e9galement d\u2019obtenir de la chaleur (co-g\u00e9n\u00e9ration) et de l\u2019eau chaude. Les + : Projet en collaboration avec REP Italia:&nbsp;https:\/\/fra.repitaliasrl.com\/home Pour l\u2019eau Installation sur plateforme ou sur navire d\u2019un syst\u00e8me &hellip; <\/p>\n<p class=\"link-more\"><a href=\"https:\/\/www.5rxt.fr\/it\/nos-projets\/\" class=\"more-link\">Leggi tutto<span class=\"screen-reader-text\"> \u00ab\u00a0Nos projets\u00a0\u00bb<\/span><\/a><\/p>","protected":false},"author":1,"featured_media":0,"parent":0,"menu_order":0,"comment_status":"closed","ping_status":"closed","template":"","meta":{"footnotes":""},"class_list":["post-153","page","type-page","status-publish","hentry"],"_links":{"self":[{"href":"https:\/\/www.5rxt.fr\/it\/wp-json\/wp\/v2\/pages\/153","targetHints":{"allow":["GET"]}}],"collection":[{"href":"https:\/\/www.5rxt.fr\/it\/wp-json\/wp\/v2\/pages"}],"about":[{"href":"https:\/\/www.5rxt.fr\/it\/wp-json\/wp\/v2\/types\/page"}],"author":[{"embeddable":true,"href":"https:\/\/www.5rxt.fr\/it\/wp-json\/wp\/v2\/users\/1"}],"replies":[{"embeddable":true,"href":"https:\/\/www.5rxt.fr\/it\/wp-json\/wp\/v2\/comments?post=153"}],"version-history":[{"count":44,"href":"https:\/\/www.5rxt.fr\/it\/wp-json\/wp\/v2\/pages\/153\/revisions"}],"predecessor-version":[{"id":419,"href":"https:\/\/www.5rxt.fr\/it\/wp-json\/wp\/v2\/pages\/153\/revisions\/419"}],"wp:attachment":[{"href":"https:\/\/www.5rxt.fr\/it\/wp-json\/wp\/v2\/media?parent=153"}],"curies":[{"name":"wp","href":"https:\/\/api.w.org\/{rel}","templated":true}]}}