{"id":42,"date":"2022-10-12T20:59:18","date_gmt":"2022-10-12T18:59:18","guid":{"rendered":"http:\/\/rxtfrwd.cluster029.hosting.ovh.net\/?page_id=42"},"modified":"2024-10-11T17:19:15","modified_gmt":"2024-10-11T15:19:15","slug":"beaux-portfolios-pour-des-creatifs-exceptionnels","status":"publish","type":"page","link":"https:\/\/www.5rxt.fr\/it\/","title":{"rendered":"Des Solutions pour des Transitions \u00c9nerg\u00e9tiques, Industrielles,  Soci\u00e9tales"},"content":{"rendered":"<p><\/p>\n\n\n\n<p><\/p>\n\n\n\n<p><\/p>\n\n\n\n<figure class=\"wp-block-image alignwide size-full\"><a href=\"https:\/\/www.5rxt.fr\/index.php\/nos-projets\/\" target=\"_blank\" rel=\"noreferrer noopener\"><img loading=\"lazy\" decoding=\"async\" width=\"720\" height=\"480\" src=\"https:\/\/www.5rxt.fr\/wp-content\/uploads\/2022\/11\/5R_jpg.jpg\" alt=\"\" class=\"wp-image-133\" srcset=\"https:\/\/www.5rxt.fr\/wp-content\/uploads\/2022\/11\/5R_jpg.jpg 720w, https:\/\/www.5rxt.fr\/wp-content\/uploads\/2022\/11\/5R_jpg-300x200.jpg 300w\" sizes=\"auto, (max-width: 720px) 100vw, 720px\" \/><\/a><\/figure>\n\n\n\n<h1 class=\"wp-block-heading alignwide has-text-align-center alignfull\">Nos 5R :<br><strong>R\u00e9duction<\/strong>\/Eco-conception<br><strong>R\u00e9paration<\/strong><br><strong><strong>R\u00e9utilisation<\/strong><\/strong><br><strong>Recyclage <\/strong><br><strong>R\u00e9cup\u00e9ration d\u2019\u00e9nergie<\/strong><\/h1>\n\n\n\n<div style=\"height:12px\" aria-hidden=\"true\" class=\"wp-block-spacer\"><\/div>\n\n\n\n<p class=\"has-text-align-center\">[Remerciements: <em>Decreto RONCHI 1997 (IT) &#8211; B\u00e9a Johnson&nbsp; 2013 (CA)]<\/em><\/p>\n\n\n\n<div class=\"wp-block-group alignfull has-background is-layout-flow wp-block-group-is-layout-flow\" style=\"background-color:#e5e9ec\">\n<div class=\"wp-block-columns is-layout-flex wp-container-core-columns-is-layout-28f84493 wp-block-columns-is-layout-flex\">\n<div class=\"wp-block-column is-vertically-aligned-center is-layout-flow wp-block-column-is-layout-flow\">\n<h2 class=\"wp-block-heading\">Chi siamo<\/h2>\n\n\n\n<p>Nous sommes des passionn\u00e9.es de solutions pour r\u00e9pondre aux d\u00e9fis \u00e0 court, moyen et long terme des diff\u00e9rentes transitions que nos territoires vont affronter. <\/p>\n\n\n\n<p>Nous accompagnons tous les acteurs industriels, institutionnels, soci\u00e9taux, territoriaux avec une approche holistique aux besoins et prise en compte des d\u00e9fis et des enjeux g\u00e9opolitiques \u00ab\u00a0glocals\u00a0\u00bb.<\/p>\n\n\n\n<p>Nous appr\u00e9hendons les probl\u00e8mes que vous pouvez rentrer et leurs complexit\u00e9s pour vous proposer des solutions adapt\u00e9es.<\/p>\n\n\n\n<p>Nous avons des comp\u00e9tences vari\u00e9es, pluridisciplinaires et multiculturelles, de part de nos m\u00e9tiers et no cultures, pour vous accompagner : ing\u00e9nierie, physique, R&amp;D, \u00e9conomie, g\u00e9opolitique, conseil, analyses, \u00e9tudes, management du risque, veille scientifique et technologique, vente, d\u00e9veloppement commerciale, cr\u00e9ation de la valeur, r\u00e9seaux locaux et internationaux, \u00e9cosyst\u00e8mes du web, communication et marketing strat\u00e9gique, &#8230;<\/p>\n\n\n\n<p><\/p>\n\n\n\n<div class=\"wp-block-buttons is-horizontal is-content-justification-left is-layout-flex wp-container-core-buttons-is-layout-20be11b6 wp-block-buttons-is-layout-flex\">\n<div class=\"wp-block-button is-style-outline is-style-outline--1\"><a class=\"wp-block-button__link wp-element-button\" href=\"https:\/\/www.5rxt.fr\/index.php\/lequipe\/\" target=\"_blank\" rel=\"noreferrer noopener\">L&rsquo;\u00e9quipe<\/a><\/div>\n<\/div>\n\n\n\n<p><\/p>\n<\/div>\n\n\n\n<div class=\"wp-block-column is-layout-flow wp-block-column-is-layout-flow\">\n<div style=\"height:48px\" aria-hidden=\"true\" class=\"wp-block-spacer\"><\/div>\n\n\n\n<figure class=\"wp-block-image size-large\"><img decoding=\"async\" src=\"http:\/\/rxtfrwd.cluster029.hosting.ovh.net\/wp-content\/themes\/inspiro\/assets\/images\/StockSnap_JKMGVEJMPU.jpg\" alt=\"\" class=\"wp-image-26\"\/><\/figure>\n<\/div>\n<\/div>\n<\/div>\n\n\n\n<div class=\"wp-block-group alignfull is-layout-flow wp-block-group-is-layout-flow\">\n<div class=\"wp-block-columns are-vertically-aligned-center is-layout-flex wp-container-core-columns-is-layout-28f84493 wp-block-columns-is-layout-flex\">\n<div class=\"wp-block-column is-vertically-aligned-center is-layout-flow wp-block-column-is-layout-flow\">\n<div style=\"height:48px\" aria-hidden=\"true\" class=\"wp-block-spacer\"><\/div>\n\n\n\n<figure class=\"wp-block-image size-full\"><img loading=\"lazy\" decoding=\"async\" width=\"612\" height=\"408\" src=\"https:\/\/www.5rxt.fr\/wp-content\/uploads\/2022\/10\/istockphoto-1340716614-612x612-1.jpg\" alt=\"\" class=\"wp-image-117\" srcset=\"https:\/\/www.5rxt.fr\/wp-content\/uploads\/2022\/10\/istockphoto-1340716614-612x612-1.jpg 612w, https:\/\/www.5rxt.fr\/wp-content\/uploads\/2022\/10\/istockphoto-1340716614-612x612-1-300x200.jpg 300w\" sizes=\"auto, (max-width: 612px) 100vw, 612px\" \/><\/figure>\n<\/div>\n\n\n\n<div class=\"wp-block-column is-vertically-aligned-center is-layout-flow wp-block-column-is-layout-flow\">\n<h2 class=\"wp-block-heading\">Nos services<\/h2>\n\n\n\n<p>Nous proposons des technologies pour cr\u00e9er de la valeur \u00e0 partir de d\u00e9chets industriels ou particuliers pour :<\/p>\n\n\n\n<p>\u2022recycler<\/p>\n\n\n\n<p>\u2022\u00e9liminer la pollution du sol, air, eau<\/p>\n\n\n\n<p>\u2022cr\u00e9er des produits d\u00e9riv\u00e9s, des carburants<\/p>\n\n\n\n<p>\u2022 obtenir de l\u2019\u00e9nergie (\u00ab\u00a0Waste To Energy\u00a0\u00bb)<\/p>\n\n\n\n<p>\u2022d\u00e9velopper des nouveaux march\u00e9s, des nouveaux services, des nouvelles fili\u00e8res d\u2019\u00e9conomie circulaire<\/p>\n\n\n\n<div class=\"wp-block-buttons is-layout-flex wp-block-buttons-is-layout-flex\">\n<div class=\"wp-block-button is-style-outline is-style-outline--2\"><a class=\"wp-block-button__link wp-element-button\" href=\"https:\/\/www.5rxt.fr\/it\/notre-offre\/\" target=\"_blank\" rel=\"noreferrer noopener\">Services<\/a><\/div>\n<\/div>\n<\/div>\n<\/div>\n<\/div>\n\n\n\n<div class=\"wp-block-group alignfull has-black-background-color has-background is-layout-flow wp-block-group-is-layout-flow\">\n<h2 class=\"wp-block-heading has-text-align-center has-white-color has-text-color\"><strong>Galler<\/strong>ie<\/h2>\n\n\n\n<figure class=\"wp-block-gallery aligncenter has-nested-images columns-default is-cropped wp-block-gallery-3 is-layout-flex wp-block-gallery-is-layout-flex\">\n<figure class=\"wp-block-image size-full\"><img loading=\"lazy\" decoding=\"async\" width=\"853\" height=\"480\" data-id=\"119\" src=\"https:\/\/www.5rxt.fr\/wp-content\/uploads\/2022\/10\/lightning-2295075__480-1.jpg\" alt=\"\" class=\"wp-image-119\" srcset=\"https:\/\/www.5rxt.fr\/wp-content\/uploads\/2022\/10\/lightning-2295075__480-1.jpg 853w, https:\/\/www.5rxt.fr\/wp-content\/uploads\/2022\/10\/lightning-2295075__480-1-300x169.jpg 300w, https:\/\/www.5rxt.fr\/wp-content\/uploads\/2022\/10\/lightning-2295075__480-1-768x432.jpg 768w\" sizes=\"auto, (max-width: 853px) 100vw, 853px\" \/><\/figure>\n\n\n\n<figure class=\"wp-block-image size-large\"><img decoding=\"async\" data-id=\"27\" src=\"http:\/\/rxtfrwd.cluster029.hosting.ovh.net\/wp-content\/themes\/inspiro\/assets\/images\/StockSnap_M6D1GS9PSL.jpg\" alt=\"\" class=\"wp-image-27\"\/><\/figure>\n\n\n\n<figure class=\"wp-block-image size-large\"><img decoding=\"async\" data-id=\"26\" src=\"http:\/\/rxtfrwd.cluster029.hosting.ovh.net\/wp-content\/themes\/inspiro\/assets\/images\/StockSnap_JKMGVEJMPU.jpg\" alt=\"\" class=\"wp-image-26\"\/><\/figure>\n\n\n\n<figure class=\"wp-block-image size-large\"><img decoding=\"async\" data-id=\"25\" src=\"http:\/\/rxtfrwd.cluster029.hosting.ovh.net\/wp-content\/themes\/inspiro\/assets\/images\/StockSnap_CXVCF2NNWJ.jpg\" alt=\"\" class=\"wp-image-25\"\/><\/figure>\n\n\n\n<figure class=\"wp-block-image size-large\"><img decoding=\"async\" data-id=\"24\" src=\"http:\/\/rxtfrwd.cluster029.hosting.ovh.net\/wp-content\/themes\/inspiro\/assets\/images\/StockSnap_89BQZ89TLH.jpg\" alt=\"\" class=\"wp-image-24\"\/><\/figure>\n\n\n\n<figure class=\"wp-block-image size-full\"><img loading=\"lazy\" decoding=\"async\" width=\"612\" height=\"408\" data-id=\"117\" src=\"https:\/\/www.5rxt.fr\/wp-content\/uploads\/2022\/10\/istockphoto-1340716614-612x612-1.jpg\" alt=\"\" class=\"wp-image-117\" srcset=\"https:\/\/www.5rxt.fr\/wp-content\/uploads\/2022\/10\/istockphoto-1340716614-612x612-1.jpg 612w, https:\/\/www.5rxt.fr\/wp-content\/uploads\/2022\/10\/istockphoto-1340716614-612x612-1-300x200.jpg 300w\" sizes=\"auto, (max-width: 612px) 100vw, 612px\" \/><\/figure>\n<\/figure>\n<\/div>\n\n\n\n<hr class=\"wp-block-separator has-alpha-channel-opacity\"\/>\n\n\n\n<div class=\"wp-block-cover alignfull has-parallax is-position-center-center\" style=\"min-height:375px;aspect-ratio:unset;\"><span aria-hidden=\"true\" class=\"wp-block-cover__background has-black-background-color has-background-dim-40 has-background-dim\"><\/span><div class=\"wp-block-cover__image-background wp-image-24 has-parallax\" style=\"background-position:50% 50%;background-image:url(https:\/\/www.5rxt.fr\/wp-content\/themes\/inspiro\/assets\/images\/StockSnap_89BQZ89TLH.jpg)\"><\/div><div class=\"wp-block-cover__inner-container is-layout-flow wp-block-cover-is-layout-flow\">\n<div class=\"wp-block-group has-global-padding is-layout-constrained wp-block-group-is-layout-constrained\">\n<div style=\"height:39px\" aria-hidden=\"true\" class=\"wp-block-spacer\"><\/div>\n\n\n\n<p class=\"has-text-align-center has-text-color has-huge-font-size\" style=\"color:#fffffa;line-height:1.1\"><strong>Syst\u00e8me de d\u00e9veloppement<\/strong><\/p>\n\n\n\n<p class=\"has-text-align-center has-white-color has-text-color\"><strong>Pour le d\u00e9veloppement de ses objectifs strat\u00e9giques, 5RxT s&rsquo;est dot\u00e9 du capital social appel\u00e9 \u00ab\u00a0ALFASSA\u00a0\u00bb, un ensemble synergique et int\u00e9gr\u00e9 d&rsquo;actifs incorporels particip\u00e9s capables de g\u00e9n\u00e9rer une utilit\u00e9 diff\u00e9r\u00e9e dans le temps, nous parlons d&rsquo;un circuit de niveau international qui fonctionne au niveau interne d&rsquo;un environnement prot\u00e9g\u00e9 et fiable \u00e0 travers un syst\u00e8me de d\u00e9veloppement totalement interop\u00e9rable (SHARE) et d\u00e9centralis\u00e9 (MULTIPLY), bas\u00e9 sur un nouveau mod\u00e8le de production, de consommation et de coexistence totalement \u00e9co-durables.<\/strong><\/p>\n\n\n\n<div class=\"wp-block-buttons is-horizontal is-content-justification-center is-layout-flex wp-container-core-buttons-is-layout-03627597 wp-block-buttons-is-layout-flex\">\n<div class=\"wp-block-button is-style-outline is-style-outline--4\"><a class=\"wp-block-button__link has-white-color has-text-color wp-element-button\" href=\"https:\/\/www.alfassa.net\/listing\/5rxt\/\" style=\"border-radius:0px\">SMART CONTRACT<\/a><\/div>\n<\/div>\n<\/div>\n<\/div><\/div>\n\n\n\n<figure class=\"wp-block-gallery has-nested-images columns-default is-cropped wp-block-gallery-5 is-layout-flex wp-block-gallery-is-layout-flex\">\n<figure class=\"wp-block-image size-large\"><img loading=\"lazy\" decoding=\"async\" width=\"1024\" height=\"443\" data-id=\"431\" src=\"https:\/\/www.5rxt.fr\/wp-content\/uploads\/2024\/10\/System-Development-2-1024x443.png\" alt=\"\" class=\"wp-image-431\" srcset=\"https:\/\/www.5rxt.fr\/wp-content\/uploads\/2024\/10\/System-Development-2-1024x443.png 1024w, https:\/\/www.5rxt.fr\/wp-content\/uploads\/2024\/10\/System-Development-2-300x130.png 300w, https:\/\/www.5rxt.fr\/wp-content\/uploads\/2024\/10\/System-Development-2-768x332.png 768w, https:\/\/www.5rxt.fr\/wp-content\/uploads\/2024\/10\/System-Development-2-1536x664.png 1536w, https:\/\/www.5rxt.fr\/wp-content\/uploads\/2024\/10\/System-Development-2-2048x886.png 2048w, https:\/\/www.5rxt.fr\/wp-content\/uploads\/2024\/10\/System-Development-2-18x8.png 18w, https:\/\/www.5rxt.fr\/wp-content\/uploads\/2024\/10\/System-Development-2-2000x865.png 2000w\" sizes=\"auto, (max-width: 1024px) 100vw, 1024px\" \/><\/figure>\n<\/figure>\n\n\n\n<div class=\"wp-block-cover alignfull is-light has-parallax is-position-center-center\" style=\"min-height:375px;aspect-ratio:unset;\"><span aria-hidden=\"true\" class=\"wp-block-cover__background has-black-background-color has-background-dim-40 has-background-dim\"><\/span><div class=\"wp-block-cover__image-background wp-image-24 has-parallax\" style=\"background-position:50% 50%;background-image:url(http:\/\/rxtfrwd.cluster029.hosting.ovh.net\/wp-content\/themes\/inspiro\/assets\/images\/StockSnap_89BQZ89TLH.jpg)\"><\/div><div class=\"wp-block-cover__inner-container is-layout-flow wp-block-cover-is-layout-flow\">\n<p class=\"has-text-align-center has-text-color has-huge-font-size\" style=\"color:#fffffa;line-height:1.1\">Solutions pour les transitions<\/p>\n\n\n\n<div class=\"wp-block-buttons is-horizontal is-content-justification-center is-layout-flex wp-container-core-buttons-is-layout-03627597 wp-block-buttons-is-layout-flex\">\n<div class=\"wp-block-button is-style-outline is-style-outline--6\"><a class=\"wp-block-button__link has-white-color has-text-color wp-element-button\" href=\"#\" target=\"_blank\" rel=\"noreferrer noopener\">Contact<\/a><\/div>\n<\/div>\n<\/div><\/div>","protected":false},"excerpt":{"rendered":"<p>Nos 5R :R\u00e9duction\/Eco-conceptionR\u00e9parationR\u00e9utilisationRecyclage R\u00e9cup\u00e9ration d\u2019\u00e9nergie [Remerciements: Decreto RONCHI 1997 (IT) &#8211; B\u00e9a Johnson&nbsp; 2013 (CA)] A propos de nous Nous sommes des passionn\u00e9.es de solutions pour r\u00e9pondre aux d\u00e9fis \u00e0 court, moyen et long terme des diff\u00e9rentes transitions que nos territoires vont affronter. Nous accompagnons tous les acteurs industriels, institutionnels, soci\u00e9taux, territoriaux avec une approche &hellip; <\/p>\n<p class=\"link-more\"><a href=\"https:\/\/www.5rxt.fr\/it\/\" class=\"more-link\">Leggi tutto<span class=\"screen-reader-text\"> \u00ab\u00a0Des Solutions pour des Transitions \u00c9nerg\u00e9tiques, Industrielles,  Soci\u00e9tales\u00a0\u00bb<\/span><\/a><\/p>","protected":false},"author":1,"featured_media":41,"parent":0,"menu_order":0,"comment_status":"closed","ping_status":"closed","template":"","meta":{"footnotes":""},"class_list":["post-42","page","type-page","status-publish","has-post-thumbnail","hentry"],"_links":{"self":[{"href":"https:\/\/www.5rxt.fr\/it\/wp-json\/wp\/v2\/pages\/42","targetHints":{"allow":["GET"]}}],"collection":[{"href":"https:\/\/www.5rxt.fr\/it\/wp-json\/wp\/v2\/pages"}],"about":[{"href":"https:\/\/www.5rxt.fr\/it\/wp-json\/wp\/v2\/types\/page"}],"author":[{"embeddable":true,"href":"https:\/\/www.5rxt.fr\/it\/wp-json\/wp\/v2\/users\/1"}],"replies":[{"embeddable":true,"href":"https:\/\/www.5rxt.fr\/it\/wp-json\/wp\/v2\/comments?post=42"}],"version-history":[{"count":49,"href":"https:\/\/www.5rxt.fr\/it\/wp-json\/wp\/v2\/pages\/42\/revisions"}],"predecessor-version":[{"id":432,"href":"https:\/\/www.5rxt.fr\/it\/wp-json\/wp\/v2\/pages\/42\/revisions\/432"}],"wp:featuredmedia":[{"embeddable":true,"href":"https:\/\/www.5rxt.fr\/it\/wp-json\/wp\/v2\/media\/41"}],"wp:attachment":[{"href":"https:\/\/www.5rxt.fr\/it\/wp-json\/wp\/v2\/media?parent=42"}],"curies":[{"name":"wp","href":"https:\/\/api.w.org\/{rel}","templated":true}]}}