{"id":43,"date":"2022-10-12T20:59:18","date_gmt":"2022-10-12T18:59:18","guid":{"rendered":"http:\/\/rxtfrwd.cluster029.hosting.ovh.net\/?page_id=43"},"modified":"2024-10-11T17:41:11","modified_gmt":"2024-10-11T15:41:11","slug":"about","status":"publish","type":"page","link":"https:\/\/www.5rxt.fr\/it\/about\/","title":{"rendered":"Chi siamo"},"content":{"rendered":"<p>Des passionn\u00e9\/es des solutions pour r\u00e9pondre aux d\u00e9fi \u00e0 court, moyen et long terme des diff\u00e9rentes transitions que nos territoires vont affronter.<\/p>\n\n\n\n<p>Nous accompagnons tous les acteurs industriels, institutionnels, soci\u00e9tales, avec un approche pluridisciplinaire et multiculturel aux besoins.<\/p>\n\n\n\n<p>Notre devise: Ensemble nous allons loin et nous sommes aussi performants!<\/p>\n\n\n\n<div style=\"height:100px\" aria-hidden=\"true\" class=\"wp-block-spacer\"><\/div>\n\n\n\n<div class=\"wp-block-columns alignwide is-layout-flex wp-container-core-columns-is-layout-28f84493 wp-block-columns-is-layout-flex\">\n<div class=\"wp-block-column is-layout-flow wp-block-column-is-layout-flow\">\n<figure class=\"wp-block-image size-full\"><img loading=\"lazy\" decoding=\"async\" width=\"960\" height=\"480\" src=\"https:\/\/www.5rxt.fr\/wp-content\/uploads\/2022\/10\/bulb-1715529__480.webp\" alt=\"\" class=\"wp-image-102\" srcset=\"https:\/\/www.5rxt.fr\/wp-content\/uploads\/2022\/10\/bulb-1715529__480.webp 960w, https:\/\/www.5rxt.fr\/wp-content\/uploads\/2022\/10\/bulb-1715529__480-300x150.webp 300w, https:\/\/www.5rxt.fr\/wp-content\/uploads\/2022\/10\/bulb-1715529__480-768x384.webp 768w\" sizes=\"auto, (max-width: 960px) 100vw, 960px\" \/><\/figure>\n\n\n\n<p class=\"has-black-color has-text-color has-medium-font-size\"><a href=\"https:\/\/www.5rxt.fr\/index.php\/lequipe\/\" target=\"_blank\" rel=\"noreferrer noopener\">L&rsquo;\u00e9quipe<\/a><\/p>\n\n\n\n<p class=\"has-text-color\" style=\"color:#7a7a7a\">Strategy Manager, Ing\u00e9nieur industrialisation, Product Manager, Responsable R&amp;D, Commerciaux, Communication&amp; Marketing &#8230;<\/p>\n<\/div>\n\n\n\n<div class=\"wp-block-column is-layout-flow wp-block-column-is-layout-flow\">\n<figure class=\"wp-block-image size-full is-resized\"><img loading=\"lazy\" decoding=\"async\" width=\"772\" height=\"480\" src=\"https:\/\/www.5rxt.fr\/wp-content\/uploads\/2022\/10\/earth-2581631__480.webp\" alt=\"\" class=\"wp-image-97\" style=\"width:282px;height:175px\" srcset=\"https:\/\/www.5rxt.fr\/wp-content\/uploads\/2022\/10\/earth-2581631__480.webp 772w, https:\/\/www.5rxt.fr\/wp-content\/uploads\/2022\/10\/earth-2581631__480-300x187.webp 300w, https:\/\/www.5rxt.fr\/wp-content\/uploads\/2022\/10\/earth-2581631__480-768x478.webp 768w\" sizes=\"auto, (max-width: 772px) 100vw, 772px\" \/><\/figure>\n\n\n\n<p class=\"has-black-color has-text-color has-medium-font-size\"><a href=\"#\">Notre philosophie<\/a><\/p>\n\n\n\n<p class=\"has-text-color\" style=\"color:#7a7a7a\">Les 5 R comme r\u00e9ponses aux d\u00e9fis des diff\u00e9rentes transitions que les territoires vont affronter pour le bien de l&rsquo;Humanit\u00e9 toute et de la Terre.<\/p>\n\n\n\n<ol class=\"wp-block-list\">\n<li>R\u00e9duire\/\u00c9co-conception: utiliser moins de ressources<\/li>\n\n\n\n<li>R\u00e9parer au maximum: d\u00e9veloppement des fili\u00e8res de r\u00e9paration (comp\u00e9tences et emplois)<\/li>\n\n\n\n<li>R\u00e9utiliser: r\u00e9cup\u00e9rer et r\u00e9utiliser les produits lorsqu&rsquo;ils ne sont pas encore devenus des d\u00e9chets<\/li>\n\n\n\n<li>Recycler: transformer, par des proc\u00e9d\u00e9s industriels, un d\u00e9chet en une nouvelle mati\u00e8re premi\u00e8re \u00e0 r\u00e9introduire dans le cycle de production<\/li>\n\n\n\n<li>R\u00e9cup\u00e9rer de l&rsquo;\u00e9nergie &#8211; Waste To Energy &#8211; Green and Bleu Economy<\/li>\n<\/ol>\n<\/div>\n\n\n\n<div class=\"wp-block-column is-layout-flow wp-block-column-is-layout-flow\">\n<figure class=\"wp-block-image size-large\"><img loading=\"lazy\" decoding=\"async\" width=\"1024\" height=\"603\" src=\"https:\/\/www.5rxt.fr\/wp-content\/uploads\/2022\/11\/services-1-1024x603.png\" alt=\"\" class=\"wp-image-140\" srcset=\"https:\/\/www.5rxt.fr\/wp-content\/uploads\/2022\/11\/services-1-1024x603.png 1024w, https:\/\/www.5rxt.fr\/wp-content\/uploads\/2022\/11\/services-1-300x177.png 300w, https:\/\/www.5rxt.fr\/wp-content\/uploads\/2022\/11\/services-1-768x452.png 768w, https:\/\/www.5rxt.fr\/wp-content\/uploads\/2022\/11\/services-1.png 1528w\" sizes=\"auto, (max-width: 1024px) 100vw, 1024px\" \/><\/figure>\n\n\n\n<p class=\"has-black-color has-text-color has-medium-font-size\"><a href=\"https:\/\/www.5rxt.fr\/index.php\/notre-offre\/\">Services<\/a><\/p>\n\n\n\n<p>Des technologies pour cr\u00e9er de la valeur \u00e0 partir de d\u00e9chets (industriels, civils, \u00e9lectroniques ou de tout autre\u2026).<\/p>\n\n\n\n<p>\u2022Conseils strat\u00e9giques x Transition \u00c9nerg\u00e9tique et Digitale<\/p>\n\n\n\n<p>\u2022Recycler tout type de d\u00e9chets<\/p>\n\n\n\n<p>\u2022\u00c9liminer la pollution du sol, air, eau<\/p>\n\n\n\n<p>\u2022Cr\u00e9er de produits d\u00e9riv\u00e9s, carburants<\/p>\n\n\n\n<p>\u2022Waste To Energy<\/p>\n\n\n\n<p>\u2022D\u00e9velopper des nouveaux business<\/p>\n<\/div>\n<\/div>\n\n\n\n<p><\/p>\n\n\n\n<h3 class=\"wp-block-heading has-large-font-size\" id=\"inspiro-is-a-digital-product-agency-that-focuses-on-strategy-and-desig\" style=\"font-weight:300\"><a href=\"https:\/\/www.5rxt.fr\/index.php\/nos-projets\/\" target=\"_blank\" rel=\"noreferrer noopener\">Nos Projets<\/a><\/h3>\n\n\n\n<figure class=\"wp-block-image alignleft size-full\"><a href=\"https:\/\/www.5rxt.fr\/index.php\/nos-projets\/\" target=\"_blank\" rel=\"noreferrer noopener\"><img loading=\"lazy\" decoding=\"async\" width=\"612\" height=\"408\" src=\"https:\/\/www.5rxt.fr\/wp-content\/uploads\/2022\/10\/istockphoto-1340716614-612x612-1.jpg\" alt=\"\" class=\"wp-image-117\" srcset=\"https:\/\/www.5rxt.fr\/wp-content\/uploads\/2022\/10\/istockphoto-1340716614-612x612-1.jpg 612w, https:\/\/www.5rxt.fr\/wp-content\/uploads\/2022\/10\/istockphoto-1340716614-612x612-1-300x200.jpg 300w\" sizes=\"auto, (max-width: 612px) 100vw, 612px\" \/><\/a><\/figure>\n\n\n\n<figure class=\"wp-block-image size-full is-resized\"><a href=\"https:\/\/www.5rxt.fr\/index.php\/nos-projets\/\" target=\"_blank\" rel=\"noreferrer noopener\"><img loading=\"lazy\" decoding=\"async\" width=\"853\" height=\"480\" src=\"https:\/\/www.5rxt.fr\/wp-content\/uploads\/2022\/10\/lightning-2295075__480.jpg\" alt=\"\" class=\"wp-image-103\" style=\"width:611px;height:343px\" srcset=\"https:\/\/www.5rxt.fr\/wp-content\/uploads\/2022\/10\/lightning-2295075__480.jpg 853w, https:\/\/www.5rxt.fr\/wp-content\/uploads\/2022\/10\/lightning-2295075__480-300x169.jpg 300w, https:\/\/www.5rxt.fr\/wp-content\/uploads\/2022\/10\/lightning-2295075__480-768x432.jpg 768w\" sizes=\"auto, (max-width: 853px) 100vw, 853px\" \/><\/a><\/figure>\n\n\n\n<figure class=\"wp-block-image size-large is-resized\"><a href=\"https:\/\/www.5rxt.fr\/index.php\/nos-projets\/\"><img loading=\"lazy\" decoding=\"async\" width=\"1024\" height=\"675\" src=\"https:\/\/www.5rxt.fr\/wp-content\/uploads\/2022\/11\/permhub_tot-1024x675.jpg\" alt=\"\" class=\"wp-image-175\" style=\"width:610px;height:401px\" srcset=\"https:\/\/www.5rxt.fr\/wp-content\/uploads\/2022\/11\/permhub_tot-1024x675.jpg 1024w, https:\/\/www.5rxt.fr\/wp-content\/uploads\/2022\/11\/permhub_tot-300x198.jpg 300w, https:\/\/www.5rxt.fr\/wp-content\/uploads\/2022\/11\/permhub_tot-768x507.jpg 768w, https:\/\/www.5rxt.fr\/wp-content\/uploads\/2022\/11\/permhub_tot-1536x1013.jpg 1536w, https:\/\/www.5rxt.fr\/wp-content\/uploads\/2022\/11\/permhub_tot-2048x1351.jpg 2048w, https:\/\/www.5rxt.fr\/wp-content\/uploads\/2022\/11\/permhub_tot-2000x1319.jpg 2000w\" sizes=\"auto, (max-width: 1024px) 100vw, 1024px\" \/><\/a><\/figure>\n\n\n\n<div class=\"wp-block-cover alignfull\" style=\"padding-top:50px;padding-right:50px;padding-bottom:50px;padding-left:50px;min-height:316px;aspect-ratio:unset;\"><span aria-hidden=\"true\" class=\"wp-block-cover__background has-black-background-color has-background-dim-100 has-background-dim\"><\/span><div class=\"wp-block-cover__inner-container is-layout-flow wp-block-cover-is-layout-flow\">\n<div class=\"wp-block-columns are-vertically-aligned-center is-layout-flex wp-container-core-columns-is-layout-28f84493 wp-block-columns-is-layout-flex\">\n<div class=\"wp-block-column is-vertically-aligned-center is-layout-flow wp-block-column-is-layout-flow\" style=\"padding-top:20px;padding-right:0px;padding-bottom:20px;padding-left:0px\">\n<div class=\"wp-block-group is-content-justification-space-between is-nowrap is-layout-flex wp-container-core-group-is-layout-bb3dfb5c wp-block-group-is-layout-flex\">\n<figure class=\"wp-block-image size-full\"><img decoding=\"async\" src=\"http:\/\/rxtfrwd.cluster029.hosting.ovh.net\/wp-content\/themes\/inspiro\/assets\/images\/laurel_left.png\" alt=\"\"\/><\/figure>\n\n\n\n<div class=\"wp-block-group is-layout-flow wp-block-group-is-layout-flow\">\n<p class=\"has-text-align-center has-white-color has-text-color\" style=\"font-size:clamp(14px, 0.875rem + ((1vw - 3.2px) * 0.417), 18px);line-height:1\"><strong>\u00ab\u00a0Best Innovation\u00a0\u00bb<br><\/strong>Solution<\/p>\n<\/div>\n\n\n\n<figure class=\"wp-block-image size-full\"><img decoding=\"async\" src=\"http:\/\/rxtfrwd.cluster029.hosting.ovh.net\/wp-content\/themes\/inspiro\/assets\/images\/laurel_right.png\" alt=\"\"\/><\/figure>\n<\/div>\n<\/div>\n\n\n\n<div class=\"wp-block-column is-vertically-aligned-center is-layout-flow wp-block-column-is-layout-flow\" style=\"padding-top:20px;padding-right:0px;padding-bottom:20px;padding-left:0px\">\n<div class=\"wp-block-group is-content-justification-space-between is-nowrap is-layout-flex wp-container-core-group-is-layout-bb3dfb5c wp-block-group-is-layout-flex\">\n<figure class=\"wp-block-image size-full\"><img decoding=\"async\" src=\"http:\/\/rxtfrwd.cluster029.hosting.ovh.net\/wp-content\/themes\/inspiro\/assets\/images\/laurel_left.png\" alt=\"\"\/><\/figure>\n\n\n\n<div class=\"wp-block-group is-layout-flow wp-block-group-is-layout-flow\">\n<p class=\"has-text-align-center has-white-color has-text-color\" style=\"font-size:clamp(14px, 0.875rem + ((1vw - 3.2px) * 0.417), 18px);line-height:1\"><strong>\u00ab\u00a0Breakthrough\u00a0\u00bb<\/strong><br>Solution<\/p>\n<\/div>\n\n\n\n<figure class=\"wp-block-image size-full\"><img decoding=\"async\" src=\"http:\/\/rxtfrwd.cluster029.hosting.ovh.net\/wp-content\/themes\/inspiro\/assets\/images\/laurel_right.png\" alt=\"\"\/><\/figure>\n<\/div>\n<\/div>\n\n\n\n<div class=\"wp-block-column is-vertically-aligned-center is-layout-flow wp-block-column-is-layout-flow\" style=\"padding-top:20px;padding-right:0px;padding-bottom:20px;padding-left:0px\">\n<div class=\"wp-block-group is-content-justification-space-between is-nowrap is-layout-flex wp-container-core-group-is-layout-bb3dfb5c wp-block-group-is-layout-flex\">\n<figure class=\"wp-block-image size-full\"><img decoding=\"async\" src=\"http:\/\/rxtfrwd.cluster029.hosting.ovh.net\/wp-content\/themes\/inspiro\/assets\/images\/laurel_left.png\" alt=\"\"\/><\/figure>\n\n\n\n<div class=\"wp-block-group is-layout-flow wp-block-group-is-layout-flow\">\n<p class=\"has-text-align-center has-white-color has-text-color\" style=\"font-size:clamp(14px, 0.875rem + ((1vw - 3.2px) * 0.417), 18px);line-height:1\"><strong>\u00ab\u00a0Best Short Term\u00a0\u00bb<\/strong><br>Solution<\/p>\n<\/div>\n\n\n\n<figure class=\"wp-block-image size-full\"><img decoding=\"async\" src=\"http:\/\/rxtfrwd.cluster029.hosting.ovh.net\/wp-content\/themes\/inspiro\/assets\/images\/laurel_right.png\" alt=\"\"\/><\/figure>\n<\/div>\n<\/div>\n<\/div>\n<\/div><\/div>","protected":false},"excerpt":{"rendered":"<p>Des passionn\u00e9\/es des solutions pour r\u00e9pondre aux d\u00e9fi \u00e0 court, moyen et long terme des diff\u00e9rentes transitions que nos territoires vont affronter. Nous accompagnons tous les acteurs industriels, institutionnels, soci\u00e9tales, avec un approche pluridisciplinaire et multiculturel aux besoins. Notre devise: Ensemble nous allons loin et nous sommes aussi performants! L&rsquo;\u00e9quipe Strategy Manager, Ing\u00e9nieur industrialisation, Product &hellip; <\/p>\n<p class=\"link-more\"><a href=\"https:\/\/www.5rxt.fr\/it\/about\/\" class=\"more-link\">Leggi tutto<span class=\"screen-reader-text\"> \u00ab\u00a0A propos de nous\u00a0\u00bb<\/span><\/a><\/p>","protected":false},"author":1,"featured_media":41,"parent":0,"menu_order":0,"comment_status":"closed","ping_status":"closed","template":"","meta":{"footnotes":""},"class_list":["post-43","page","type-page","status-publish","has-post-thumbnail","hentry"],"_links":{"self":[{"href":"https:\/\/www.5rxt.fr\/it\/wp-json\/wp\/v2\/pages\/43","targetHints":{"allow":["GET"]}}],"collection":[{"href":"https:\/\/www.5rxt.fr\/it\/wp-json\/wp\/v2\/pages"}],"about":[{"href":"https:\/\/www.5rxt.fr\/it\/wp-json\/wp\/v2\/types\/page"}],"author":[{"embeddable":true,"href":"https:\/\/www.5rxt.fr\/it\/wp-json\/wp\/v2\/users\/1"}],"replies":[{"embeddable":true,"href":"https:\/\/www.5rxt.fr\/it\/wp-json\/wp\/v2\/comments?post=43"}],"version-history":[{"count":26,"href":"https:\/\/www.5rxt.fr\/it\/wp-json\/wp\/v2\/pages\/43\/revisions"}],"predecessor-version":[{"id":438,"href":"https:\/\/www.5rxt.fr\/it\/wp-json\/wp\/v2\/pages\/43\/revisions\/438"}],"wp:featuredmedia":[{"embeddable":true,"href":"https:\/\/www.5rxt.fr\/it\/wp-json\/wp\/v2\/media\/41"}],"wp:attachment":[{"href":"https:\/\/www.5rxt.fr\/it\/wp-json\/wp\/v2\/media?parent=43"}],"curies":[{"name":"wp","href":"https:\/\/api.w.org\/{rel}","templated":true}]}}